{"id":40,"date":"2024-08-06T09:10:18","date_gmt":"2024-08-06T07:10:18","guid":{"rendered":"https:\/\/cpages2.indoletools.com\/monper_blog\/?page_id=40"},"modified":"2024-08-06T09:36:45","modified_gmt":"2024-08-06T07:36:45","slug":"blog-monper-chocolate","status":"publish","type":"page","link":"https:\/\/monperchocolate.com\/blog\/","title":{"rendered":"Blog Monper Chocolate"},"content":{"rendered":"\t\t<div data-elementor-type=\"wp-page\" data-elementor-id=\"40\" class=\"elementor elementor-40\" data-elementor-post-type=\"page\">\n\t\t\t\t<div class=\"elementor-element elementor-element-f3ddc47 e-flex e-con-boxed e-con e-parent\" data-id=\"f3ddc47\" data-element_type=\"container\">\n\t\t\t\t\t<div class=\"e-con-inner\">\n\t\t\t\t<div class=\"elementor-element elementor-element-5e01409 elementor-widget__width-initial elementor-widget elementor-widget-heading\" data-id=\"5e01409\" data-element_type=\"widget\" data-widget_type=\"heading.default\">\n\t\t\t\t<div class=\"elementor-widget-container\">\n\t\t\t<h1 class=\"elementor-heading-title elementor-size-default\">Blog Monper Chocolate<\/h1>\t\t<\/div>\n\t\t\t\t<\/div>\n\t\t\t\t<div class=\"elementor-element elementor-element-4eead68 elementor-widget-divider--view-line elementor-widget elementor-widget-divider\" data-id=\"4eead68\" data-element_type=\"widget\" data-widget_type=\"divider.default\">\n\t\t\t\t<div class=\"elementor-widget-container\">\n\t\t\t\t\t<div class=\"elementor-divider\">\n\t\t\t<span class=\"elementor-divider-separator\">\n\t\t\t\t\t\t<\/span>\n\t\t<\/div>\n\t\t\t\t<\/div>\n\t\t\t\t<\/div>\n\t\t\t\t<div class=\"elementor-element elementor-element-027daf0 elementor-grid-3 elementor-grid-tablet-2 elementor-grid-mobile-1 elementor-posts--thumbnail-top elementor-card-shadow-yes elementor-posts__hover-gradient elementor-widget elementor-widget-posts\" data-id=\"027daf0\" data-element_type=\"widget\" data-settings=\"{&quot;cards_columns&quot;:&quot;3&quot;,&quot;cards_columns_tablet&quot;:&quot;2&quot;,&quot;cards_columns_mobile&quot;:&quot;1&quot;,&quot;cards_row_gap&quot;:{&quot;unit&quot;:&quot;px&quot;,&quot;size&quot;:35,&quot;sizes&quot;:[]},&quot;cards_row_gap_tablet&quot;:{&quot;unit&quot;:&quot;px&quot;,&quot;size&quot;:&quot;&quot;,&quot;sizes&quot;:[]},&quot;cards_row_gap_mobile&quot;:{&quot;unit&quot;:&quot;px&quot;,&quot;size&quot;:&quot;&quot;,&quot;sizes&quot;:[]}}\" data-widget_type=\"posts.cards\">\n\t\t\t\t<div class=\"elementor-widget-container\">\n\t\t\t\t\t<div class=\"elementor-posts-container elementor-posts elementor-posts--skin-cards elementor-grid\">\n\t\t\t\t<article class=\"elementor-post elementor-grid-item post-86 post type-post status-publish format-standard has-post-thumbnail hentry category-sin-categoria\">\n\t\t\t<div class=\"elementor-post__card\">\n\t\t\t\t<a class=\"elementor-post__thumbnail__link\" href=\"https:\/\/monperchocolate.com\/blog\/uno-de-los-10-mejores-chocolates-del-mundo-es-cantabro\/\" tabindex=\"-1\" ><div class=\"elementor-post__thumbnail\"><img fetchpriority=\"high\" decoding=\"async\" width=\"563\" height=\"563\" src=\"https:\/\/monperchocolate.com\/blog\/wp-content\/uploads\/2024\/08\/1-2.jpg\" class=\"attachment-full size-full wp-image-87\" alt=\"\" srcset=\"https:\/\/monperchocolate.com\/blog\/wp-content\/uploads\/2024\/08\/1-2.jpg 563w, https:\/\/monperchocolate.com\/blog\/wp-content\/uploads\/2024\/08\/1-2-300x300.jpg 300w, https:\/\/monperchocolate.com\/blog\/wp-content\/uploads\/2024\/08\/1-2-150x150.jpg 150w\" sizes=\"(max-width: 563px) 100vw, 563px\" \/><\/div><\/a>\n\t\t\t\t<div class=\"elementor-post__text\">\n\t\t\t\t<h2 class=\"elementor-post__title\">\n\t\t\t<a href=\"https:\/\/monperchocolate.com\/blog\/uno-de-los-10-mejores-chocolates-del-mundo-es-cantabro\/\" >\n\t\t\t\tUno de los 10 mejores chocolates del mundo es c\u00e1ntabro\t\t\t<\/a>\n\t\t<\/h2>\n\t\t\t\t<div class=\"elementor-post__excerpt\">\n\t\t\t<p>Los Premios Internacionales del Chocolate (International Chocolate Awards) anunciaron el pasado 22 de Noviembre de 2019 a los mejores chocolates del mundo en una gala que tuvo lugar en Antigua Guatemala. La empresa c\u00e1ntabra Monper ha conseguido para Cantabria un reconocimiento impensable por la tradici\u00f3n de la industria alimenticia en la regi\u00f3n: estar entre los<\/p>\n\t\t<\/div>\n\t\t\n\t\t<a class=\"elementor-post__read-more\" href=\"https:\/\/monperchocolate.com\/blog\/uno-de-los-10-mejores-chocolates-del-mundo-es-cantabro\/\" aria-label=\"Read more about Uno de los 10 mejores chocolates del mundo es c\u00e1ntabro\" tabindex=\"-1\" >\n\t\t\tLeer m\u00e1s \u00bb\t\t<\/a>\n\n\t\t\t\t<\/div>\n\t\t\t\t<div class=\"elementor-post__meta-data\">\n\t\t\t\t\t<span class=\"elementor-post-date\">\n\t\t\t6 de agosto de 2024\t\t<\/span>\n\t\t\t\t<\/div>\n\t\t\t\t\t<\/div>\n\t\t<\/article>\n\t\t\t\t<article class=\"elementor-post elementor-grid-item post-77 post type-post status-publish format-standard has-post-thumbnail hentry category-sin-categoria\">\n\t\t\t<div class=\"elementor-post__card\">\n\t\t\t\t<a class=\"elementor-post__thumbnail__link\" href=\"https:\/\/monperchocolate.com\/blog\/los-chocolates-cantabros-monper-arrasan-en-los-premios-internacionales-del-chocolate\/\" tabindex=\"-1\" ><div class=\"elementor-post__thumbnail\"><img decoding=\"async\" width=\"585\" height=\"424\" src=\"https:\/\/monperchocolate.com\/blog\/wp-content\/uploads\/2024\/08\/1-1.jpg\" class=\"attachment-full size-full wp-image-78\" alt=\"\" srcset=\"https:\/\/monperchocolate.com\/blog\/wp-content\/uploads\/2024\/08\/1-1.jpg 585w, https:\/\/monperchocolate.com\/blog\/wp-content\/uploads\/2024\/08\/1-1-300x217.jpg 300w\" sizes=\"(max-width: 585px) 100vw, 585px\" \/><\/div><\/a>\n\t\t\t\t<div class=\"elementor-post__text\">\n\t\t\t\t<h2 class=\"elementor-post__title\">\n\t\t\t<a href=\"https:\/\/monperchocolate.com\/blog\/los-chocolates-cantabros-monper-arrasan-en-los-premios-internacionales-del-chocolate\/\" >\n\t\t\t\tLos chocolates c\u00e1ntabros Monper arrasan en los Premios Internacionales del Chocolate\u00a0\u00a0\t\t\t<\/a>\n\t\t<\/h2>\n\t\t\t\t<div class=\"elementor-post__excerpt\">\n\t\t\t<p>El pasado 12 de Marzo se celebraron los premios Internacionales del Chocolate en Italia,\u00a0 una competici\u00f3n a nivel mundial que reconoce la calidad en la fabricaci\u00f3n de chocolate y otros productos elaborados con cacao fino a nivel mundial y, en definitiva, un evento donde compiten los mejores chocolateros del mundo. Los ganadores han sido anunciados<\/p>\n\t\t<\/div>\n\t\t\n\t\t<a class=\"elementor-post__read-more\" href=\"https:\/\/monperchocolate.com\/blog\/los-chocolates-cantabros-monper-arrasan-en-los-premios-internacionales-del-chocolate\/\" aria-label=\"Read more about Los chocolates c\u00e1ntabros Monper arrasan en los Premios Internacionales del Chocolate\u00a0\u00a0\" tabindex=\"-1\" >\n\t\t\tLeer m\u00e1s \u00bb\t\t<\/a>\n\n\t\t\t\t<\/div>\n\t\t\t\t<div class=\"elementor-post__meta-data\">\n\t\t\t\t\t<span class=\"elementor-post-date\">\n\t\t\t6 de agosto de 2024\t\t<\/span>\n\t\t\t\t<\/div>\n\t\t\t\t\t<\/div>\n\t\t<\/article>\n\t\t\t\t<article class=\"elementor-post elementor-grid-item post-71 post type-post status-publish format-standard has-post-thumbnail hentry category-sin-categoria\">\n\t\t\t<div class=\"elementor-post__card\">\n\t\t\t\t<a class=\"elementor-post__thumbnail__link\" href=\"https:\/\/monperchocolate.com\/blog\/willy-wonka-es-cantabro\/\" tabindex=\"-1\" ><div class=\"elementor-post__thumbnail\"><img decoding=\"async\" width=\"600\" height=\"800\" src=\"https:\/\/monperchocolate.com\/blog\/wp-content\/uploads\/2024\/08\/0-1.jpg\" class=\"attachment-full size-full wp-image-73\" alt=\"\" srcset=\"https:\/\/monperchocolate.com\/blog\/wp-content\/uploads\/2024\/08\/0-1.jpg 600w, https:\/\/monperchocolate.com\/blog\/wp-content\/uploads\/2024\/08\/0-1-225x300.jpg 225w\" sizes=\"(max-width: 600px) 100vw, 600px\" \/><\/div><\/a>\n\t\t\t\t<div class=\"elementor-post__text\">\n\t\t\t\t<h2 class=\"elementor-post__title\">\n\t\t\t<a href=\"https:\/\/monperchocolate.com\/blog\/willy-wonka-es-cantabro\/\" >\n\t\t\t\tWILLY WONKA es c\u00e1ntabro\u00a0\t\t\t<\/a>\n\t\t<\/h2>\n\t\t\t\t<div class=\"elementor-post__excerpt\">\n\t\t\t<p>El chocolate c\u00e1ntabro MONPER recibe el premio al&nbsp; MEJOR CHOCOLATERO ARTESANAL EUROPEO 2022&nbsp; \u00bfQui\u00e9n, siendo ni\u00f1o, y no tan ni\u00f1o, no ha so\u00f1ado con ser Charlie en la f\u00e1brica de chocolate?\u00a0\u00a0 La realidad es que todos somos Charlie y ahora Willy Wonka vive entre nosotros. El pasado d\u00eda 13 de septiembre, coincidiendo con d\u00eda mundial<\/p>\n\t\t<\/div>\n\t\t\n\t\t<a class=\"elementor-post__read-more\" href=\"https:\/\/monperchocolate.com\/blog\/willy-wonka-es-cantabro\/\" aria-label=\"Read more about WILLY WONKA es c\u00e1ntabro\u00a0\" tabindex=\"-1\" >\n\t\t\tLeer m\u00e1s \u00bb\t\t<\/a>\n\n\t\t\t\t<\/div>\n\t\t\t\t<div class=\"elementor-post__meta-data\">\n\t\t\t\t\t<span class=\"elementor-post-date\">\n\t\t\t6 de septiembre de 2022\t\t<\/span>\n\t\t\t\t<\/div>\n\t\t\t\t\t<\/div>\n\t\t<\/article>\n\t\t\t\t<article class=\"elementor-post elementor-grid-item post-17 post type-post status-publish format-standard has-post-thumbnail hentry category-sin-categoria\">\n\t\t\t<div class=\"elementor-post__card\">\n\t\t\t\t<a class=\"elementor-post__thumbnail__link\" href=\"https:\/\/monperchocolate.com\/blog\/la-magia-del-chocolate-comienza-en-origen\/\" tabindex=\"-1\" ><div class=\"elementor-post__thumbnail\"><img loading=\"lazy\" decoding=\"async\" width=\"667\" height=\"554\" src=\"https:\/\/monperchocolate.com\/blog\/wp-content\/uploads\/2024\/08\/3.jpg\" class=\"attachment-full size-full wp-image-18\" alt=\"La magia del chocolate comienza en origen\" srcset=\"https:\/\/monperchocolate.com\/blog\/wp-content\/uploads\/2024\/08\/3.jpg 667w, https:\/\/monperchocolate.com\/blog\/wp-content\/uploads\/2024\/08\/3-300x249.jpg 300w\" sizes=\"(max-width: 667px) 100vw, 667px\" \/><\/div><\/a>\n\t\t\t\t<div class=\"elementor-post__text\">\n\t\t\t\t<h2 class=\"elementor-post__title\">\n\t\t\t<a href=\"https:\/\/monperchocolate.com\/blog\/la-magia-del-chocolate-comienza-en-origen\/\" >\n\t\t\t\tLa magia del chocolate comienza en origen\t\t\t<\/a>\n\t\t<\/h2>\n\t\t\t\t<div class=\"elementor-post__excerpt\">\n\t\t\t<p>No todos los chocolates del mundo son iguales y no son iguales por diferentes motivos. Cualquier consumidor final si no es llamado por la curiosidad podr\u00eda pasar por alto peque\u00f1os detalles que son muy importantes para los maestros artesanos chocolateros. Estos incre\u00edbles artesanos han dominado la elaboraci\u00f3n del chocolate durante siglos y hoy en d\u00eda<\/p>\n\t\t<\/div>\n\t\t\n\t\t<a class=\"elementor-post__read-more\" href=\"https:\/\/monperchocolate.com\/blog\/la-magia-del-chocolate-comienza-en-origen\/\" aria-label=\"Read more about La magia del chocolate comienza en origen\" tabindex=\"-1\" >\n\t\t\tLeer m\u00e1s \u00bb\t\t<\/a>\n\n\t\t\t\t<\/div>\n\t\t\t\t<div class=\"elementor-post__meta-data\">\n\t\t\t\t\t<span class=\"elementor-post-date\">\n\t\t\t7 de octubre de 2020\t\t<\/span>\n\t\t\t\t<\/div>\n\t\t\t\t\t<\/div>\n\t\t<\/article>\n\t\t\t\t<\/div>\n\t\t\n\t\t\t\t<\/div>\n\t\t\t\t<\/div>\n\t\t\t\t\t<\/div>\n\t\t\t\t<\/div>\n\t\t\t\t<\/div>\n\t\t","protected":false},"excerpt":{"rendered":"<p>Blog Monper Chocolate<\/p>\n","protected":false},"author":1,"featured_media":0,"parent":0,"menu_order":0,"comment_status":"closed","ping_status":"closed","template":"","meta":{"footnotes":""},"class_list":["post-40","page","type-page","status-publish","hentry"],"_links":{"self":[{"href":"https:\/\/monperchocolate.com\/blog\/wp-json\/wp\/v2\/pages\/40","targetHints":{"allow":["GET"]}}],"collection":[{"href":"https:\/\/monperchocolate.com\/blog\/wp-json\/wp\/v2\/pages"}],"about":[{"href":"https:\/\/monperchocolate.com\/blog\/wp-json\/wp\/v2\/types\/page"}],"author":[{"embeddable":true,"href":"https:\/\/monperchocolate.com\/blog\/wp-json\/wp\/v2\/users\/1"}],"replies":[{"embeddable":true,"href":"https:\/\/monperchocolate.com\/blog\/wp-json\/wp\/v2\/comments?post=40"}],"version-history":[{"count":19,"href":"https:\/\/monperchocolate.com\/blog\/wp-json\/wp\/v2\/pages\/40\/revisions"}],"predecessor-version":[{"id":69,"href":"https:\/\/monperchocolate.com\/blog\/wp-json\/wp\/v2\/pages\/40\/revisions\/69"}],"wp:attachment":[{"href":"https:\/\/monperchocolate.com\/blog\/wp-json\/wp\/v2\/media?parent=40"}],"curies":[{"name":"wp","href":"https:\/\/api.w.org\/{rel}","templated":true}]}}